{"id":172,"date":"2024-01-18T13:30:13","date_gmt":"2024-01-18T13:30:13","guid":{"rendered":"https:\/\/Neuhof-Menzingen.ch\/?page_id=172"},"modified":"2024-06-14T10:53:42","modified_gmt":"2024-06-14T10:53:42","slug":"umgebung-ausfluege-essen","status":"publish","type":"page","link":"https:\/\/Neuhof-Menzingen.ch\/?page_id=172","title":{"rendered":"Umgebung \/ Essen"},"content":{"rendered":"\n<p><strong>Ausflugstipps:<\/strong><\/p>\n\n\n\n<p>F\u00fcr die Badefreudigen gibt es ganz viel in der n\u00e4heren oder weiteren Umgebung. Unser Favorit ist das <a href=\"https:\/\/www.aegeribad.ch\/\" target=\"_blank\" rel=\"noreferrer noopener\">\u00c4geribad<\/a> und der \u00c4gerisee. In Baar befindet sich das <a href=\"https:\/\/www.xn--lttich-baar-l8a.ch\/home\" target=\"_blank\" rel=\"noreferrer noopener\">Schwimmbad L\u00e4ttich<\/a>. Wer mag, kann sich auch bei einem Sprung in den Wilersee oder Zugersee abk\u00fchlen. Wer gerne Rutschen mag ist im Alpamare in Pf\u00e4ffikon gut aufgehoben. Der Swiss Holiday Park hat neben dem Bad noch viele weitere Attraktionen zu bieten.<\/p>\n\n\n\n<p>Wanderfreudige sind sehr gut bedient. Wir empfehlen die H\u00f6henwanderung \u00fcber die H\u00f6hronenkette zum Gottschalkenberg, Raten bis nach Einsiedeln. Die Sihlgalerien sind traumhaft sch\u00f6n, insbesondere im heissen Sommer. Der Zugerberg, <a href=\"https:\/\/www.zug-tourismus.ch\/zuger-altstadt\" target=\"_blank\" rel=\"noreferrer noopener\">Zug mit der Altstadt<\/a> sind auch immer eine Reise wert. Im Lorzentobel sind die <a href=\"https:\/\/www.hoellgrotten.ch\/\" target=\"_blank\" rel=\"noreferrer noopener\">H\u00f6llgrotten<\/a> zu empfehlen. Im \u00c4gerital gibt es viele Wanderungen und viele Beizli zum Einkehren. <\/p>\n\n\n\n<p>Weitere H\u00f6hepunkte sind findet man im <a href=\"https:\/\/www.sattel-hochstuckli.ch\/de\" target=\"_blank\" rel=\"noreferrer noopener\">Sattel-Hochstuckli<\/a>, im Winter ist die Langlaufloipe in Menzingen noch ein Geheimtipp, f\u00fcr Ruhesuchende empfiehlt sich ein Besuch im Kloster <a href=\"https:\/\/kloster-gubel.ch\/\" target=\"_blank\" rel=\"noreferrer noopener\">Gubel<\/a> oder auch im  <a href=\"https:\/\/www.kloster-menzingen.ch\/\" target=\"_blank\" rel=\"noreferrer noopener\">Kloster Menzingen<\/a>. Von uns aus \u00fcber den Seedamm sind Rapperswil mit dem malerischen Pilgersteg und der Kinderzoo immer eine Reise wert. Wer Tiere mag, kann den <a href=\"https:\/\/www.tierpark.ch\/?mtm_source=google&amp;mtm_medium=cpc&amp;mtm_campaign=%5Ba%3ATierpark%5D%5Bn%3AGSN%5D%5Bs%3ABeta%5D%5Bc%3ABrand%5D%5Bt%3AAllgemein%5D&amp;mtm_cid=895049258&amp;mtm_content=Brand+Allgemein&amp;mtm_group=Tierpark-Goldau&amp;mtm_kwd=tierpark%20goldau&amp;mtm_placement=&amp;gclid=Cj0KCQiAtaOtBhCwARIsAN_x-3Jh7svjbFFI0JzZVbQZtrifNCNcDvQCKn0mvi3gTwbWmDxw-Yi-dOoaAkq_EALw_wcB\" target=\"_blank\" rel=\"noreferrer noopener\">Goldauer Tierpark<\/a> oder den Wildnispark Langenberg besuchen.<\/p>\n\n\n\n<p>Besonders am Herzen liegt uns als begeisterte E-Bikefahrer die <a href=\"https:\/\/herzroute.ch\/de\/\" target=\"_blank\" rel=\"noreferrer noopener\">Herzroute-Veloroute 99<\/a>.<\/p>\n\n\n\n<p><strong>Gut essen:<\/strong><\/p>\n\n\n\n<p>Gerne empfehlen wir unsere Nachbarn vom <a href=\"https:\/\/www.restaurantgubel.ch\/\" target=\"_blank\" rel=\"noreferrer noopener\">Restaurant Gubel<\/a>, dieses ist zu Fuss in ca. 15 Minuten zu erreichen. Die Traumhaften Sonnenunterg\u00e4nge sind dort inklusive. <\/p>\n\n\n\n<p>Das <a href=\"https:\/\/roessli-menzingen.ch\/\" target=\"_blank\" rel=\"noreferrer noopener\">R\u00f6ssli Menzingen<\/a> bietet Schweizer K\u00fcche mit Fleisch vom Menzinger Bio-Bauernhof mit Hofschlachtung, der <a href=\"http:\/\/www.ochsenmenzingen.ch\/\" target=\"_blank\" rel=\"noreferrer noopener\">Ochsen Menzingen<\/a> ist zuverl\u00e4ssig gut und unsere Kinder w\u00fcrden die Pizza Svizzera der <a href=\"https:\/\/pizzeria-perfect.digitalone.site\/\">Pizzeria Perfect in Menzingen<\/a> w\u00e4hlen.<\/p>\n\n\n\n<p><\/p>\n\n\n\n<figure class=\"wp-block-image size-large\"><img loading=\"lazy\" decoding=\"async\" width=\"1024\" height=\"576\" src=\"https:\/\/Neuhof-Menzingen.ch\/wp-content\/uploads\/2024\/01\/20211124_105541-1024x576.jpg\" alt=\"\" class=\"wp-image-45\" srcset=\"https:\/\/Neuhof-Menzingen.ch\/wp-content\/uploads\/2024\/01\/20211124_105541-1024x576.jpg 1024w, https:\/\/Neuhof-Menzingen.ch\/wp-content\/uploads\/2024\/01\/20211124_105541-300x169.jpg 300w, https:\/\/Neuhof-Menzingen.ch\/wp-content\/uploads\/2024\/01\/20211124_105541-768x432.jpg 768w, https:\/\/Neuhof-Menzingen.ch\/wp-content\/uploads\/2024\/01\/20211124_105541-1536x864.jpg 1536w, https:\/\/Neuhof-Menzingen.ch\/wp-content\/uploads\/2024\/01\/20211124_105541-2048x1152.jpg 2048w\" sizes=\"auto, (max-width: 706px) 89vw, (max-width: 767px) 82vw, 740px\" \/><\/figure>\n\n\n\n<figure class=\"wp-block-image size-full is-resized\"><img loading=\"lazy\" decoding=\"async\" width=\"600\" height=\"800\" src=\"https:\/\/Neuhof-Menzingen.ch\/wp-content\/uploads\/2024\/06\/20231217_092634.jpg\" alt=\"\" class=\"wp-image-374\" style=\"width:678px;height:auto\" srcset=\"https:\/\/Neuhof-Menzingen.ch\/wp-content\/uploads\/2024\/06\/20231217_092634.jpg 600w, https:\/\/Neuhof-Menzingen.ch\/wp-content\/uploads\/2024\/06\/20231217_092634-225x300.jpg 225w, https:\/\/Neuhof-Menzingen.ch\/wp-content\/uploads\/2024\/06\/20231217_092634-113x150.jpg 113w\" sizes=\"auto, (max-width: 600px) 100vw, 600px\" \/><\/figure>\n","protected":false},"excerpt":{"rendered":"<p>Ausflugstipps: F\u00fcr die Badefreudigen gibt es ganz viel in der n\u00e4heren oder weiteren Umgebung. Unser Favorit ist das \u00c4geribad und der \u00c4gerisee. In Baar befindet sich das Schwimmbad L\u00e4ttich. Wer mag, kann sich auch bei einem Sprung in den Wilersee oder Zugersee abk\u00fchlen. Wer gerne Rutschen mag ist im Alpamare in Pf\u00e4ffikon gut aufgehoben. Der &hellip; <\/p>\n<p class=\"link-more\"><a href=\"https:\/\/Neuhof-Menzingen.ch\/?page_id=172\" class=\"more-link\"><span class=\"screen-reader-text\">\u201eUmgebung \/ Essen\u201c<\/span> weiterlesen<\/a><\/p>\n","protected":false},"author":1,"featured_media":0,"parent":0,"menu_order":0,"comment_status":"closed","ping_status":"closed","template":"","meta":{"footnotes":""},"class_list":["post-172","page","type-page","status-publish","hentry"],"_links":{"self":[{"href":"https:\/\/Neuhof-Menzingen.ch\/index.php?rest_route=\/wp\/v2\/pages\/172","targetHints":{"allow":["GET"]}}],"collection":[{"href":"https:\/\/Neuhof-Menzingen.ch\/index.php?rest_route=\/wp\/v2\/pages"}],"about":[{"href":"https:\/\/Neuhof-Menzingen.ch\/index.php?rest_route=\/wp\/v2\/types\/page"}],"author":[{"embeddable":true,"href":"https:\/\/Neuhof-Menzingen.ch\/index.php?rest_route=\/wp\/v2\/users\/1"}],"replies":[{"embeddable":true,"href":"https:\/\/Neuhof-Menzingen.ch\/index.php?rest_route=%2Fwp%2Fv2%2Fcomments&post=172"}],"version-history":[{"count":29,"href":"https:\/\/Neuhof-Menzingen.ch\/index.php?rest_route=\/wp\/v2\/pages\/172\/revisions"}],"predecessor-version":[{"id":404,"href":"https:\/\/Neuhof-Menzingen.ch\/index.php?rest_route=\/wp\/v2\/pages\/172\/revisions\/404"}],"wp:attachment":[{"href":"https:\/\/Neuhof-Menzingen.ch\/index.php?rest_route=%2Fwp%2Fv2%2Fmedia&parent=172"}],"curies":[{"name":"wp","href":"https:\/\/api.w.org\/{rel}","templated":true}]}}