{"id":20,"date":"2024-01-16T13:45:08","date_gmt":"2024-01-16T13:45:08","guid":{"rendered":"https:\/\/Neuhof-Menzingen.ch\/?page_id=20"},"modified":"2026-03-03T13:17:09","modified_gmt":"2026-03-03T13:17:09","slug":"willkommen","status":"publish","type":"page","link":"https:\/\/Neuhof-Menzingen.ch\/","title":{"rendered":"Willkommen"},"content":{"rendered":"\n<p>\u201eHier ist es sch\u00f6n, bei euch sollte man Ferien machen k\u00f6nnen\u201c, eine oft geh\u00f6rte Aussage von Wanderern.<\/p>\n\n\n\n<p>Seit dem Neubau des Hauses, welches zum grossen Teil aus Mondholz vom eigenen Wald besteht, d\u00fcrfen wir G\u00e4ste bei uns empfangen. <\/p>\n\n\n\n<p>Geniessen Sie eine \u00dcbernachtung auf unserem Bauernhof in Menzingen.<\/p>\n\n\n\n<figure data-wp-context=\"{&quot;imageId&quot;:&quot;69e4b422b2fe3&quot;}\" data-wp-interactive=\"core\/image\" class=\"wp-block-image size-full is-resized is-style-default wp-lightbox-container\"><img loading=\"lazy\" decoding=\"async\" width=\"2000\" height=\"1198\" data-wp-class--hide=\"state.isContentHidden\" data-wp-class--show=\"state.isContentVisible\" data-wp-init=\"callbacks.setButtonStyles\" data-wp-on-async--click=\"actions.showLightbox\" data-wp-on-async--load=\"callbacks.setButtonStyles\" data-wp-on-async-window--resize=\"callbacks.setButtonStyles\" src=\"https:\/\/Neuhof-Menzingen.ch\/wp-content\/uploads\/2025\/03\/cropped-Schneegloeggli-scaled-1.jpg\" alt=\"\" class=\"wp-image-460\" style=\"width:674px;height:auto\" srcset=\"https:\/\/Neuhof-Menzingen.ch\/wp-content\/uploads\/2025\/03\/cropped-Schneegloeggli-scaled-1.jpg 2000w, https:\/\/Neuhof-Menzingen.ch\/wp-content\/uploads\/2025\/03\/cropped-Schneegloeggli-scaled-1-300x180.jpg 300w, https:\/\/Neuhof-Menzingen.ch\/wp-content\/uploads\/2025\/03\/cropped-Schneegloeggli-scaled-1-1024x613.jpg 1024w, https:\/\/Neuhof-Menzingen.ch\/wp-content\/uploads\/2025\/03\/cropped-Schneegloeggli-scaled-1-150x90.jpg 150w, https:\/\/Neuhof-Menzingen.ch\/wp-content\/uploads\/2025\/03\/cropped-Schneegloeggli-scaled-1-768x460.jpg 768w, https:\/\/Neuhof-Menzingen.ch\/wp-content\/uploads\/2025\/03\/cropped-Schneegloeggli-scaled-1-1536x920.jpg 1536w\" sizes=\"auto, (max-width: 706px) 89vw, (max-width: 767px) 82vw, 740px\" \/><button\n\t\t\tclass=\"lightbox-trigger\"\n\t\t\ttype=\"button\"\n\t\t\taria-haspopup=\"dialog\"\n\t\t\taria-label=\"Bild vergr\u00f6\u00dfern\"\n\t\t\tdata-wp-init=\"callbacks.initTriggerButton\"\n\t\t\tdata-wp-on-async--click=\"actions.showLightbox\"\n\t\t\tdata-wp-style--right=\"state.imageButtonRight\"\n\t\t\tdata-wp-style--top=\"state.imageButtonTop\"\n\t\t>\n\t\t\t<svg xmlns=\"http:\/\/www.w3.org\/2000\/svg\" width=\"12\" height=\"12\" fill=\"none\" viewBox=\"0 0 12 12\">\n\t\t\t\t<path fill=\"#fff\" d=\"M2 0a2 2 0 0 0-2 2v2h1.5V2a.5.5 0 0 1 .5-.5h2V0H2Zm2 10.5H2a.5.5 0 0 1-.5-.5V8H0v2a2 2 0 0 0 2 2h2v-1.5ZM8 12v-1.5h2a.5.5 0 0 0 .5-.5V8H12v2a2 2 0 0 1-2 2H8Zm2-12a2 2 0 0 1 2 2v2h-1.5V2a.5.5 0 0 0-.5-.5H8V0h2Z\" \/>\n\t\t\t<\/svg>\n\t\t<\/button><\/figure>\n\n\n\n<figure data-wp-context=\"{&quot;imageId&quot;:&quot;69e4b422b3386&quot;}\" data-wp-interactive=\"core\/image\" class=\"wp-block-image size-large wp-lightbox-container\"><img loading=\"lazy\" decoding=\"async\" width=\"1024\" height=\"612\" data-wp-class--hide=\"state.isContentHidden\" data-wp-class--show=\"state.isContentVisible\" data-wp-init=\"callbacks.setButtonStyles\" data-wp-on-async--click=\"actions.showLightbox\" data-wp-on-async--load=\"callbacks.setButtonStyles\" data-wp-on-async-window--resize=\"callbacks.setButtonStyles\" src=\"https:\/\/Neuhof-Menzingen.ch\/wp-content\/uploads\/2024\/06\/cropped-20231203_143230-1024x612.jpg\" alt=\"\" class=\"wp-image-446\" srcset=\"https:\/\/Neuhof-Menzingen.ch\/wp-content\/uploads\/2024\/06\/cropped-20231203_143230-1024x612.jpg 1024w, https:\/\/Neuhof-Menzingen.ch\/wp-content\/uploads\/2024\/06\/cropped-20231203_143230-300x179.jpg 300w, https:\/\/Neuhof-Menzingen.ch\/wp-content\/uploads\/2024\/06\/cropped-20231203_143230-150x90.jpg 150w, https:\/\/Neuhof-Menzingen.ch\/wp-content\/uploads\/2024\/06\/cropped-20231203_143230-768x459.jpg 768w, https:\/\/Neuhof-Menzingen.ch\/wp-content\/uploads\/2024\/06\/cropped-20231203_143230-1536x919.jpg 1536w, https:\/\/Neuhof-Menzingen.ch\/wp-content\/uploads\/2024\/06\/cropped-20231203_143230.jpg 2000w\" sizes=\"auto, (max-width: 706px) 89vw, (max-width: 767px) 82vw, 740px\" \/><button\n\t\t\tclass=\"lightbox-trigger\"\n\t\t\ttype=\"button\"\n\t\t\taria-haspopup=\"dialog\"\n\t\t\taria-label=\"Bild vergr\u00f6\u00dfern\"\n\t\t\tdata-wp-init=\"callbacks.initTriggerButton\"\n\t\t\tdata-wp-on-async--click=\"actions.showLightbox\"\n\t\t\tdata-wp-style--right=\"state.imageButtonRight\"\n\t\t\tdata-wp-style--top=\"state.imageButtonTop\"\n\t\t>\n\t\t\t<svg xmlns=\"http:\/\/www.w3.org\/2000\/svg\" width=\"12\" height=\"12\" fill=\"none\" viewBox=\"0 0 12 12\">\n\t\t\t\t<path fill=\"#fff\" d=\"M2 0a2 2 0 0 0-2 2v2h1.5V2a.5.5 0 0 1 .5-.5h2V0H2Zm2 10.5H2a.5.5 0 0 1-.5-.5V8H0v2a2 2 0 0 0 2 2h2v-1.5ZM8 12v-1.5h2a.5.5 0 0 0 .5-.5V8H12v2a2 2 0 0 1-2 2H8Zm2-12a2 2 0 0 1 2 2v2h-1.5V2a.5.5 0 0 0-.5-.5H8V0h2Z\" \/>\n\t\t\t<\/svg>\n\t\t<\/button><\/figure>\n","protected":false},"excerpt":{"rendered":"<p>\u201eHier ist es sch\u00f6n, bei euch sollte man Ferien machen k\u00f6nnen\u201c, eine oft geh\u00f6rte Aussage von Wanderern. Seit dem Neubau des Hauses, welches zum grossen Teil aus Mondholz vom eigenen Wald besteht, d\u00fcrfen wir G\u00e4ste bei uns empfangen. Geniessen Sie eine \u00dcbernachtung auf unserem Bauernhof in Menzingen.<\/p>\n","protected":false},"author":1,"featured_media":0,"parent":0,"menu_order":0,"comment_status":"closed","ping_status":"closed","template":"","meta":{"footnotes":""},"class_list":["post-20","page","type-page","status-publish","hentry"],"_links":{"self":[{"href":"https:\/\/Neuhof-Menzingen.ch\/index.php?rest_route=\/wp\/v2\/pages\/20","targetHints":{"allow":["GET"]}}],"collection":[{"href":"https:\/\/Neuhof-Menzingen.ch\/index.php?rest_route=\/wp\/v2\/pages"}],"about":[{"href":"https:\/\/Neuhof-Menzingen.ch\/index.php?rest_route=\/wp\/v2\/types\/page"}],"author":[{"embeddable":true,"href":"https:\/\/Neuhof-Menzingen.ch\/index.php?rest_route=\/wp\/v2\/users\/1"}],"replies":[{"embeddable":true,"href":"https:\/\/Neuhof-Menzingen.ch\/index.php?rest_route=%2Fwp%2Fv2%2Fcomments&post=20"}],"version-history":[{"count":27,"href":"https:\/\/Neuhof-Menzingen.ch\/index.php?rest_route=\/wp\/v2\/pages\/20\/revisions"}],"predecessor-version":[{"id":503,"href":"https:\/\/Neuhof-Menzingen.ch\/index.php?rest_route=\/wp\/v2\/pages\/20\/revisions\/503"}],"wp:attachment":[{"href":"https:\/\/Neuhof-Menzingen.ch\/index.php?rest_route=%2Fwp%2Fv2%2Fmedia&parent=20"}],"curies":[{"name":"wp","href":"https:\/\/api.w.org\/{rel}","templated":true}]}}