{"id":263,"date":"2024-05-28T07:00:56","date_gmt":"2024-05-28T07:00:56","guid":{"rendered":"https:\/\/Neuhof-Menzingen.ch\/?page_id=263"},"modified":"2025-12-02T20:47:56","modified_gmt":"2025-12-02T20:47:56","slug":"blogg-aktuelles","status":"publish","type":"page","link":"https:\/\/Neuhof-Menzingen.ch\/?page_id=263","title":{"rendered":"Blogg &#8211; Aktuelles"},"content":{"rendered":"\n<figure class=\"wp-block-image size-large\"><img loading=\"lazy\" decoding=\"async\" width=\"1024\" height=\"563\" src=\"https:\/\/Neuhof-Menzingen.ch\/wp-content\/uploads\/2024\/01\/cropped-RIMG0095-Kopie-scaled-1-1024x563.jpg\" alt=\"\" class=\"wp-image-234\" srcset=\"https:\/\/Neuhof-Menzingen.ch\/wp-content\/uploads\/2024\/01\/cropped-RIMG0095-Kopie-scaled-1-1024x563.jpg 1024w, https:\/\/Neuhof-Menzingen.ch\/wp-content\/uploads\/2024\/01\/cropped-RIMG0095-Kopie-scaled-1-300x165.jpg 300w, https:\/\/Neuhof-Menzingen.ch\/wp-content\/uploads\/2024\/01\/cropped-RIMG0095-Kopie-scaled-1-150x83.jpg 150w, https:\/\/Neuhof-Menzingen.ch\/wp-content\/uploads\/2024\/01\/cropped-RIMG0095-Kopie-scaled-1-768x422.jpg 768w, https:\/\/Neuhof-Menzingen.ch\/wp-content\/uploads\/2024\/01\/cropped-RIMG0095-Kopie-scaled-1-1536x845.jpg 1536w, https:\/\/Neuhof-Menzingen.ch\/wp-content\/uploads\/2024\/01\/cropped-RIMG0095-Kopie-scaled-1.jpg 2000w\" sizes=\"auto, (max-width: 706px) 89vw, (max-width: 767px) 82vw, 740px\" \/><\/figure>\n\n\n\n<p>Dezember 25: der Winter ist gekommen. Wir haben geschlossene Schneedecke, w\u00e4hrend unten in Zug noch alles gr\u00fcn ist.<\/p>\n\n\n\n<figure class=\"wp-block-image size-large\"><img loading=\"lazy\" decoding=\"async\" width=\"768\" height=\"1024\" src=\"https:\/\/Neuhof-Menzingen.ch\/wp-content\/uploads\/2025\/11\/20250924_163151-768x1024.jpg\" alt=\"\" class=\"wp-image-490\" srcset=\"https:\/\/Neuhof-Menzingen.ch\/wp-content\/uploads\/2025\/11\/20250924_163151-768x1024.jpg 768w, https:\/\/Neuhof-Menzingen.ch\/wp-content\/uploads\/2025\/11\/20250924_163151-225x300.jpg 225w, https:\/\/Neuhof-Menzingen.ch\/wp-content\/uploads\/2025\/11\/20250924_163151-113x150.jpg 113w, https:\/\/Neuhof-Menzingen.ch\/wp-content\/uploads\/2025\/11\/20250924_163151-1152x1536.jpg 1152w, https:\/\/Neuhof-Menzingen.ch\/wp-content\/uploads\/2025\/11\/20250924_163151-1536x2048.jpg 1536w, https:\/\/Neuhof-Menzingen.ch\/wp-content\/uploads\/2025\/11\/20250924_163151-scaled.jpg 1920w\" sizes=\"auto, (max-width: 706px) 89vw, (max-width: 767px) 82vw, 740px\" \/><\/figure>\n\n\n\n<p>Herbst 2025: ein sehr intensives Jahr neigt sich dem Ende zu. Zum einen hat Pia ihren CAS abgeschlossen, zum anderen hatte sie etwas mit gesundheitlichen Problemen zu k\u00e4mpfen. Wir freuen uns nun auf einen sch\u00f6nen Winter mit ein paar Schneeschuhtouren oder Airboard-Abfahrten.<\/p>\n\n\n\n<figure class=\"wp-block-image size-large\"><img loading=\"lazy\" decoding=\"async\" width=\"1024\" height=\"768\" src=\"https:\/\/Neuhof-Menzingen.ch\/wp-content\/uploads\/2025\/03\/Maerz-25-1024x768.jpg\" alt=\"\" class=\"wp-image-465\" srcset=\"https:\/\/Neuhof-Menzingen.ch\/wp-content\/uploads\/2025\/03\/Maerz-25-1024x768.jpg 1024w, https:\/\/Neuhof-Menzingen.ch\/wp-content\/uploads\/2025\/03\/Maerz-25-300x225.jpg 300w, https:\/\/Neuhof-Menzingen.ch\/wp-content\/uploads\/2025\/03\/Maerz-25-150x113.jpg 150w, https:\/\/Neuhof-Menzingen.ch\/wp-content\/uploads\/2025\/03\/Maerz-25-768x576.jpg 768w, https:\/\/Neuhof-Menzingen.ch\/wp-content\/uploads\/2025\/03\/Maerz-25-1536x1152.jpg 1536w, https:\/\/Neuhof-Menzingen.ch\/wp-content\/uploads\/2025\/03\/Maerz-25-2048x1536.jpg 2048w\" sizes=\"auto, (max-width: 706px) 89vw, (max-width: 767px) 82vw, 740px\" \/><\/figure>\n\n\n\n<p>Fr\u00fchling 25: vom Freitagmorgen bis Sonntagmorgen dauerte das Schl\u00fcpfen der zahlreichen G\u00e4nse. Die Kinder haben f\u00fcr sie bereits L\u00f6wenzahn aus dem Schnee gegraben. Es hat viel geschneit und war sehr kalt. Das st\u00f6rt die G\u00e4nse unter der W\u00e4rmelampe nicht.<\/p>\n\n\n\n<figure class=\"wp-block-image size-large\"><img loading=\"lazy\" decoding=\"async\" width=\"768\" height=\"1024\" src=\"https:\/\/Neuhof-Menzingen.ch\/wp-content\/uploads\/2025\/03\/barthuehner-768x1024.jpg\" alt=\"\" class=\"wp-image-456\" srcset=\"https:\/\/Neuhof-Menzingen.ch\/wp-content\/uploads\/2025\/03\/barthuehner-768x1024.jpg 768w, https:\/\/Neuhof-Menzingen.ch\/wp-content\/uploads\/2025\/03\/barthuehner-225x300.jpg 225w, https:\/\/Neuhof-Menzingen.ch\/wp-content\/uploads\/2025\/03\/barthuehner-113x150.jpg 113w, https:\/\/Neuhof-Menzingen.ch\/wp-content\/uploads\/2025\/03\/barthuehner-1152x1536.jpg 1152w, https:\/\/Neuhof-Menzingen.ch\/wp-content\/uploads\/2025\/03\/barthuehner-1536x2048.jpg 1536w, https:\/\/Neuhof-Menzingen.ch\/wp-content\/uploads\/2025\/03\/barthuehner-scaled.jpg 1920w\" sizes=\"auto, (max-width: 706px) 89vw, (max-width: 767px) 82vw, 740px\" \/><\/figure>\n\n\n\n<p>M\u00e4rz 25: unsere Tochter w\u00fcnscht sich Appenzeller Barth\u00fchner. Deshalb haben wir im Aargau von einem Z\u00fcchter einige Bruteier geholt. Ende M\u00e4rz sollen sie schl\u00fcpfen.<\/p>\n\n\n\n<figure class=\"wp-block-image size-large\"><img loading=\"lazy\" decoding=\"async\" width=\"768\" height=\"1024\" src=\"https:\/\/Neuhof-Menzingen.ch\/wp-content\/uploads\/2025\/03\/20250225_110308-768x1024.jpg\" alt=\"\" class=\"wp-image-444\" srcset=\"https:\/\/Neuhof-Menzingen.ch\/wp-content\/uploads\/2025\/03\/20250225_110308-768x1024.jpg 768w, https:\/\/Neuhof-Menzingen.ch\/wp-content\/uploads\/2025\/03\/20250225_110308-225x300.jpg 225w, https:\/\/Neuhof-Menzingen.ch\/wp-content\/uploads\/2025\/03\/20250225_110308-113x150.jpg 113w, https:\/\/Neuhof-Menzingen.ch\/wp-content\/uploads\/2025\/03\/20250225_110308-1152x1536.jpg 1152w, https:\/\/Neuhof-Menzingen.ch\/wp-content\/uploads\/2025\/03\/20250225_110308-1536x2048.jpg 1536w, https:\/\/Neuhof-Menzingen.ch\/wp-content\/uploads\/2025\/03\/20250225_110308-scaled.jpg 1920w\" sizes=\"auto, (max-width: 706px) 89vw, (max-width: 767px) 82vw, 740px\" \/><\/figure>\n\n\n\n<p>Februar 2025: Die ersten G\u00e4nseeier sind schon im Brutkasten und werden Mitte M\u00e4rz aus ihren Eiern schl\u00fcpfen. Unsere H\u00fchner \u00fcberraschen uns t\u00e4glich mit bunten Eiern.<\/p>\n\n\n\n<p>F\u00fcr das B&amp;B treffen die ersten Reservationsanfragen f\u00fcr die Hauptsaison ein und wir freuen uns aus viele spannende Begegnungen.<\/p>\n\n\n\n<figure class=\"wp-block-image size-large\"><img loading=\"lazy\" decoding=\"async\" width=\"1024\" height=\"768\" src=\"https:\/\/Neuhof-Menzingen.ch\/wp-content\/uploads\/2024\/10\/1000138355-1024x768.jpg\" alt=\"\" class=\"wp-image-421\" srcset=\"https:\/\/Neuhof-Menzingen.ch\/wp-content\/uploads\/2024\/10\/1000138355-1024x768.jpg 1024w, https:\/\/Neuhof-Menzingen.ch\/wp-content\/uploads\/2024\/10\/1000138355-300x225.jpg 300w, https:\/\/Neuhof-Menzingen.ch\/wp-content\/uploads\/2024\/10\/1000138355-150x113.jpg 150w, https:\/\/Neuhof-Menzingen.ch\/wp-content\/uploads\/2024\/10\/1000138355-768x576.jpg 768w, https:\/\/Neuhof-Menzingen.ch\/wp-content\/uploads\/2024\/10\/1000138355-1536x1152.jpg 1536w, https:\/\/Neuhof-Menzingen.ch\/wp-content\/uploads\/2024\/10\/1000138355-2048x1536.jpg 2048w\" sizes=\"auto, (max-width: 706px) 89vw, (max-width: 767px) 82vw, 740px\" \/><\/figure>\n\n\n\n<p>Herbst 24: in unseren W\u00e4ldern ist die Pilzsaison in vollem Gange. Wir haben schon ein paar Eierschw\u00e4mli gegessen. Besonders Freude haben wir am Schwefelporling, der direkt vor dem B und B w\u00e4chst. Die Zubereitung haben wir von einem unserer G\u00e4ste gelernt. <\/p>\n\n\n\n<figure class=\"wp-block-image size-large\"><img loading=\"lazy\" decoding=\"async\" width=\"1024\" height=\"874\" src=\"https:\/\/Neuhof-Menzingen.ch\/wp-content\/uploads\/2024\/07\/schlaufensteg-scaled-e1721977121271-1024x874.jpg\" alt=\"\" class=\"wp-image-413\" srcset=\"https:\/\/Neuhof-Menzingen.ch\/wp-content\/uploads\/2024\/07\/schlaufensteg-scaled-e1721977121271-1024x874.jpg 1024w, https:\/\/Neuhof-Menzingen.ch\/wp-content\/uploads\/2024\/07\/schlaufensteg-scaled-e1721977121271-300x256.jpg 300w, https:\/\/Neuhof-Menzingen.ch\/wp-content\/uploads\/2024\/07\/schlaufensteg-scaled-e1721977121271-150x128.jpg 150w, https:\/\/Neuhof-Menzingen.ch\/wp-content\/uploads\/2024\/07\/schlaufensteg-scaled-e1721977121271-768x655.jpg 768w, https:\/\/Neuhof-Menzingen.ch\/wp-content\/uploads\/2024\/07\/schlaufensteg-scaled-e1721977121271-1536x1310.jpg 1536w, https:\/\/Neuhof-Menzingen.ch\/wp-content\/uploads\/2024\/07\/schlaufensteg-scaled-e1721977121271.jpg 1920w\" sizes=\"auto, (max-width: 706px) 89vw, (max-width: 767px) 82vw, 740px\" \/><\/figure>\n\n\n\n<p>Juli 24: eine neue Attraktion ist in Baar entstanden. Der Schlaufensteg im Lorzentobel ist erst seit einigen Tagen offen. Ein sch\u00f6nes Bauwerk. Der Besuch l\u00e4sst sich gut mit einer Wanderung oder Velotour im Lorzentobel oder einem Besuch in der H\u00f6llgrotten verbinden.<\/p>\n\n\n\n<figure class=\"wp-block-image size-large\"><img loading=\"lazy\" decoding=\"async\" width=\"1024\" height=\"768\" src=\"https:\/\/Neuhof-Menzingen.ch\/wp-content\/uploads\/2024\/07\/vorplatz-1024x768.jpg\" alt=\"\" class=\"wp-image-410\" srcset=\"https:\/\/Neuhof-Menzingen.ch\/wp-content\/uploads\/2024\/07\/vorplatz-1024x768.jpg 1024w, https:\/\/Neuhof-Menzingen.ch\/wp-content\/uploads\/2024\/07\/vorplatz-300x225.jpg 300w, https:\/\/Neuhof-Menzingen.ch\/wp-content\/uploads\/2024\/07\/vorplatz-150x113.jpg 150w, https:\/\/Neuhof-Menzingen.ch\/wp-content\/uploads\/2024\/07\/vorplatz-768x576.jpg 768w, https:\/\/Neuhof-Menzingen.ch\/wp-content\/uploads\/2024\/07\/vorplatz-1536x1152.jpg 1536w, https:\/\/Neuhof-Menzingen.ch\/wp-content\/uploads\/2024\/07\/vorplatz-2048x1536.jpg 2048w\" sizes=\"auto, (max-width: 706px) 89vw, (max-width: 767px) 82vw, 740px\" \/><\/figure>\n\n\n\n<p>Juli 24: endlich ist das Sommerwetter da und wir k\u00f6nnen den Vorplatz fertig erstellen. Wir haben einige Kilo Kies und Steine rumgetragen und Quadratmeter um Quadratmeter entsteht. Wir freuen uns sehr, dass die Umgebungsgestaltung langsam abgeschlossen werden kann.<\/p>\n\n\n\n<p>Der Sommer hatte es bisher nicht so mit dem Heuwetter. Hoffen wir, dass es am Wochenende anders wird.<\/p>\n\n\n\n<figure class=\"wp-block-image size-full is-resized\"><img loading=\"lazy\" decoding=\"async\" width=\"800\" height=\"600\" src=\"https:\/\/Neuhof-Menzingen.ch\/wp-content\/uploads\/2024\/06\/20240613_203459.jpg\" alt=\"\" class=\"wp-image-351\" style=\"width:672px;height:auto\" srcset=\"https:\/\/Neuhof-Menzingen.ch\/wp-content\/uploads\/2024\/06\/20240613_203459.jpg 800w, https:\/\/Neuhof-Menzingen.ch\/wp-content\/uploads\/2024\/06\/20240613_203459-300x225.jpg 300w, https:\/\/Neuhof-Menzingen.ch\/wp-content\/uploads\/2024\/06\/20240613_203459-150x113.jpg 150w, https:\/\/Neuhof-Menzingen.ch\/wp-content\/uploads\/2024\/06\/20240613_203459-768x576.jpg 768w\" sizes=\"auto, (max-width: 706px) 89vw, (max-width: 767px) 82vw, 740px\" \/><\/figure>\n\n\n\n<p>Unser Naturgarten ist am entstehen. Er soll mal uns, unseren G\u00e4sten und vielen Tieren sch\u00f6ne Aufenthaltsm\u00f6glichkeiten bieten. Die Trockensteinmauer nimmt bereits Formen an und wurde mit diversen Pflanzen von der Schweibenalp bereichert. Da die Schweibenalp noch h\u00f6her liegt als wir, gedeihen die Pfl\u00e4nzchen bisher wunderbar (oder liegt es am vielen Regen)? Auf dem Foto sind Katzenpf\u00f6tchen, nur schon wegen dem Namen musste Pia diese Pflanze zwingend haben.<\/p>\n\n\n\n<figure class=\"wp-block-image size-large\"><img loading=\"lazy\" decoding=\"async\" width=\"1024\" height=\"768\" src=\"https:\/\/Neuhof-Menzingen.ch\/wp-content\/uploads\/2024\/05\/20240522_134645-1024x768.jpg\" alt=\"\" class=\"wp-image-299\" srcset=\"https:\/\/Neuhof-Menzingen.ch\/wp-content\/uploads\/2024\/05\/20240522_134645-1024x768.jpg 1024w, https:\/\/Neuhof-Menzingen.ch\/wp-content\/uploads\/2024\/05\/20240522_134645-300x225.jpg 300w, https:\/\/Neuhof-Menzingen.ch\/wp-content\/uploads\/2024\/05\/20240522_134645-150x113.jpg 150w, https:\/\/Neuhof-Menzingen.ch\/wp-content\/uploads\/2024\/05\/20240522_134645-768x576.jpg 768w, https:\/\/Neuhof-Menzingen.ch\/wp-content\/uploads\/2024\/05\/20240522_134645-1536x1152.jpg 1536w, https:\/\/Neuhof-Menzingen.ch\/wp-content\/uploads\/2024\/05\/20240522_134645-2048x1536.jpg 2048w\" sizes=\"auto, (max-width: 706px) 89vw, (max-width: 767px) 82vw, 740px\" \/><\/figure>\n\n\n\n<p><\/p>\n\n\n\n<p>Unser B&amp;B ist gestartet. Wir hatten schon viele sch\u00f6ne Begegnungen. Unsere Tochter hat sich sehr gefreut, als sich Wanderreiterinnen mit Pony und Kleinpferd angemeldet haben. Ein Foto von unserem Gast.<\/p>\n\n\n\n<figure class=\"wp-block-image size-large\"><img loading=\"lazy\" decoding=\"async\" width=\"868\" height=\"1024\" src=\"https:\/\/Neuhof-Menzingen.ch\/wp-content\/uploads\/2024\/05\/20240520_185743-scaled-e1716889618979-868x1024.jpg\" alt=\"\" class=\"wp-image-296\" srcset=\"https:\/\/Neuhof-Menzingen.ch\/wp-content\/uploads\/2024\/05\/20240520_185743-scaled-e1716889618979-868x1024.jpg 868w, https:\/\/Neuhof-Menzingen.ch\/wp-content\/uploads\/2024\/05\/20240520_185743-scaled-e1716889618979-127x150.jpg 127w, https:\/\/Neuhof-Menzingen.ch\/wp-content\/uploads\/2024\/05\/20240520_185743-scaled-e1716889618979-254x300.jpg 254w, https:\/\/Neuhof-Menzingen.ch\/wp-content\/uploads\/2024\/05\/20240520_185743-scaled-e1716889618979-768x906.jpg 768w, https:\/\/Neuhof-Menzingen.ch\/wp-content\/uploads\/2024\/05\/20240520_185743-scaled-e1716889618979-1302x1536.jpg 1302w, https:\/\/Neuhof-Menzingen.ch\/wp-content\/uploads\/2024\/05\/20240520_185743-scaled-e1716889618979-1736x2048.jpg 1736w, https:\/\/Neuhof-Menzingen.ch\/wp-content\/uploads\/2024\/05\/20240520_185743-scaled-e1716889618979.jpg 1920w\" sizes=\"auto, (max-width: 706px) 89vw, (max-width: 767px) 82vw, 740px\" \/><\/figure>\n\n\n\n<p><\/p>\n\n\n\n<p>Lange haben wir von unserem B&amp;B gesprochen und schon Freunde als Testg\u00e4ste dort schlafen lassen. Als es dann soweit war, dass die ersten &#8222;fremden&#8220; G\u00e4ste sich angemeldet haben, war es ein sehr spezieller Moment. Pia war sehr nerv\u00f6s wegen dem Fr\u00fchst\u00fcck. Erstaunlich ist, was alles vom eigenen Hof stammt: Konfi, Butter, Milch, Kompott, Joghurt, Eier. Sobald Thomas wieder Zeit zum Backen hat, gibt es eigenes Brot aus teilweise eigenem Mehl.<\/p>\n\n\n\n<figure class=\"wp-block-gallery has-nested-images columns-default is-cropped wp-block-gallery-1 is-layout-flex wp-block-gallery-is-layout-flex\">\n<figure class=\"wp-block-image size-large\"><img decoding=\"async\" data-id=\"307\" src=\"https:\/\/Neuhof-Menzingen.ch\/wp-content\/uploads\/2024\/05\/20240506_201947-768x1024.jpg\" alt=\"\" class=\"wp-image-307\"\/><figcaption class=\"wp-element-caption\">Post it &#8211; damit nichts vergessen geht<\/figcaption><\/figure>\n<\/figure>\n\n\n\n<p><\/p>\n\n\n\n<p>Unser Sohn durfte dieses Jahr in Eigenregie K\u00fccken br\u00fcten. Um unsere Eiervielfalt zu st\u00e4rken, haben wir Bruteier von Buntlegern besorgt. Eines Morgens sah es dann so aus im Brutautomaten:<\/p>\n\n\n\n<figure class=\"wp-block-image size-large\"><img loading=\"lazy\" decoding=\"async\" width=\"843\" height=\"1024\" src=\"https:\/\/Neuhof-Menzingen.ch\/wp-content\/uploads\/2024\/05\/1000090945-scaled-e1716890152704-843x1024.jpg\" alt=\"\" class=\"wp-image-327\" srcset=\"https:\/\/Neuhof-Menzingen.ch\/wp-content\/uploads\/2024\/05\/1000090945-scaled-e1716890152704-843x1024.jpg 843w, https:\/\/Neuhof-Menzingen.ch\/wp-content\/uploads\/2024\/05\/1000090945-scaled-e1716890152704-247x300.jpg 247w, https:\/\/Neuhof-Menzingen.ch\/wp-content\/uploads\/2024\/05\/1000090945-scaled-e1716890152704-123x150.jpg 123w, https:\/\/Neuhof-Menzingen.ch\/wp-content\/uploads\/2024\/05\/1000090945-scaled-e1716890152704-768x933.jpg 768w, https:\/\/Neuhof-Menzingen.ch\/wp-content\/uploads\/2024\/05\/1000090945-scaled-e1716890152704-1264x1536.jpg 1264w, https:\/\/Neuhof-Menzingen.ch\/wp-content\/uploads\/2024\/05\/1000090945-scaled-e1716890152704-1685x2048.jpg 1685w, https:\/\/Neuhof-Menzingen.ch\/wp-content\/uploads\/2024\/05\/1000090945-scaled-e1716890152704.jpg 1920w\" sizes=\"auto, (max-width: 706px) 89vw, (max-width: 767px) 82vw, 740px\" \/><\/figure>\n\n\n\n<p><\/p>\n\n\n\n<p><\/p>\n\n\n\n<p><\/p>\n\n\n\n<p><\/p>\n","protected":false},"excerpt":{"rendered":"<p>Dezember 25: der Winter ist gekommen. Wir haben geschlossene Schneedecke, w\u00e4hrend unten in Zug noch alles gr\u00fcn ist. Herbst 2025: ein sehr intensives Jahr neigt sich dem Ende zu. Zum einen hat Pia ihren CAS abgeschlossen, zum anderen hatte sie etwas mit gesundheitlichen Problemen zu k\u00e4mpfen. Wir freuen uns nun auf einen sch\u00f6nen Winter mit &hellip; <\/p>\n<p class=\"link-more\"><a href=\"https:\/\/Neuhof-Menzingen.ch\/?page_id=263\" class=\"more-link\"><span class=\"screen-reader-text\">\u201eBlogg &#8211; Aktuelles\u201c<\/span> weiterlesen<\/a><\/p>\n","protected":false},"author":1,"featured_media":0,"parent":0,"menu_order":0,"comment_status":"closed","ping_status":"closed","template":"","meta":{"footnotes":""},"class_list":["post-263","page","type-page","status-publish","hentry"],"_links":{"self":[{"href":"https:\/\/Neuhof-Menzingen.ch\/index.php?rest_route=\/wp\/v2\/pages\/263","targetHints":{"allow":["GET"]}}],"collection":[{"href":"https:\/\/Neuhof-Menzingen.ch\/index.php?rest_route=\/wp\/v2\/pages"}],"about":[{"href":"https:\/\/Neuhof-Menzingen.ch\/index.php?rest_route=\/wp\/v2\/types\/page"}],"author":[{"embeddable":true,"href":"https:\/\/Neuhof-Menzingen.ch\/index.php?rest_route=\/wp\/v2\/users\/1"}],"replies":[{"embeddable":true,"href":"https:\/\/Neuhof-Menzingen.ch\/index.php?rest_route=%2Fwp%2Fv2%2Fcomments&post=263"}],"version-history":[{"count":44,"href":"https:\/\/Neuhof-Menzingen.ch\/index.php?rest_route=\/wp\/v2\/pages\/263\/revisions"}],"predecessor-version":[{"id":495,"href":"https:\/\/Neuhof-Menzingen.ch\/index.php?rest_route=\/wp\/v2\/pages\/263\/revisions\/495"}],"wp:attachment":[{"href":"https:\/\/Neuhof-Menzingen.ch\/index.php?rest_route=%2Fwp%2Fv2%2Fmedia&parent=263"}],"curies":[{"name":"wp","href":"https:\/\/api.w.org\/{rel}","templated":true}]}}