{"id":87,"date":"2024-01-16T14:21:34","date_gmt":"2024-01-16T14:21:34","guid":{"rendered":"https:\/\/Neuhof-Menzingen.ch\/?page_id=87"},"modified":"2025-04-02T08:25:07","modified_gmt":"2025-04-02T08:25:07","slug":"der-betrieb","status":"publish","type":"page","link":"https:\/\/Neuhof-Menzingen.ch\/?page_id=87","title":{"rendered":"Der Betrieb"},"content":{"rendered":"\n<p>Wir produzieren seit ein paar Jahren nach den Demeter-Richtlinien.  Zuvor wurde der Neuhof viele Jahren (seit 1996) nach den Bio-Suisse Richtlinien bewirtschaftet.<\/p>\n\n\n\n<p> Wir betreiben graslandbasierte Milchwirtschaft und K\u00e4lbermast. Die Milchk\u00fche sind meist ab M\u00e4rz bis Oktober auf der Weide unterwegs. Die K\u00e4lber werden bei uns auf dem Betrieb gem\u00e4stet. Sie k\u00f6nnen t\u00e4glich bei ihren M\u00fcttern oder Tanten frische Milch trinken. Daneben melkt der Bauer einige K\u00fche, um damit Lebensmittel f\u00fcr Menschen herzustellen.<\/p>\n\n\n\n<p> Auf dem Hof w\u00e4chst immer wieder unterschiedliches Getreide. Diverse Hochstammb\u00e4ume pflegen wir ebenfalls. Der Wald, in welchem das neue Haus gewachsen ist und welcher im Winter unsere R\u00e4ume heizt, geh\u00f6rt auch zu unserem Betrieb. <\/p>\n\n\n\n<p>Neben den K\u00fchen leben auch G\u00e4nse, H\u00fchner und Katzen bei uns. <\/p>\n\n\n\n<p>Seit 2024 bieten wir zwei G\u00e4stezimmer an.<\/p>\n\n\n\n<p>Regelm\u00e4ssig erreichen uns Anfragen f\u00fcr Praktikumspl\u00e4tze. Aufgrund unserer Betriebsstruktur k\u00f6nnen wir leider keine Praktikumspl\u00e4tze anbieten. <\/p>\n\n\n\n<figure class=\"wp-block-image size-large\"><img loading=\"lazy\" decoding=\"async\" width=\"1024\" height=\"768\" src=\"https:\/\/Neuhof-Menzingen.ch\/wp-content\/uploads\/2024\/01\/20210419_165855-1024x768.jpg\" alt=\"\" class=\"wp-image-30\" srcset=\"https:\/\/Neuhof-Menzingen.ch\/wp-content\/uploads\/2024\/01\/20210419_165855-1024x768.jpg 1024w, https:\/\/Neuhof-Menzingen.ch\/wp-content\/uploads\/2024\/01\/20210419_165855-300x225.jpg 300w, https:\/\/Neuhof-Menzingen.ch\/wp-content\/uploads\/2024\/01\/20210419_165855-768x576.jpg 768w, https:\/\/Neuhof-Menzingen.ch\/wp-content\/uploads\/2024\/01\/20210419_165855-1536x1152.jpg 1536w, https:\/\/Neuhof-Menzingen.ch\/wp-content\/uploads\/2024\/01\/20210419_165855-2048x1536.jpg 2048w\" sizes=\"auto, (max-width: 706px) 89vw, (max-width: 767px) 82vw, 740px\" \/><\/figure>\n\n\n\n<figure class=\"wp-block-image size-large\"><img loading=\"lazy\" decoding=\"async\" width=\"1024\" height=\"576\" src=\"https:\/\/Neuhof-Menzingen.ch\/wp-content\/uploads\/2024\/01\/20211020_102740-1024x576.jpg\" alt=\"\" class=\"wp-image-44\" srcset=\"https:\/\/Neuhof-Menzingen.ch\/wp-content\/uploads\/2024\/01\/20211020_102740-1024x576.jpg 1024w, https:\/\/Neuhof-Menzingen.ch\/wp-content\/uploads\/2024\/01\/20211020_102740-300x169.jpg 300w, https:\/\/Neuhof-Menzingen.ch\/wp-content\/uploads\/2024\/01\/20211020_102740-768x432.jpg 768w, https:\/\/Neuhof-Menzingen.ch\/wp-content\/uploads\/2024\/01\/20211020_102740-1536x864.jpg 1536w, https:\/\/Neuhof-Menzingen.ch\/wp-content\/uploads\/2024\/01\/20211020_102740-2048x1152.jpg 2048w\" sizes=\"auto, (max-width: 706px) 89vw, (max-width: 767px) 82vw, 740px\" \/><\/figure>\n\n\n\n<figure class=\"wp-block-image size-large\"><img loading=\"lazy\" decoding=\"async\" width=\"1024\" height=\"768\" src=\"https:\/\/Neuhof-Menzingen.ch\/wp-content\/uploads\/2024\/01\/20210419_165219-1024x768.jpg\" alt=\"\" class=\"wp-image-29\" srcset=\"https:\/\/Neuhof-Menzingen.ch\/wp-content\/uploads\/2024\/01\/20210419_165219-1024x768.jpg 1024w, https:\/\/Neuhof-Menzingen.ch\/wp-content\/uploads\/2024\/01\/20210419_165219-300x225.jpg 300w, https:\/\/Neuhof-Menzingen.ch\/wp-content\/uploads\/2024\/01\/20210419_165219-768x576.jpg 768w, https:\/\/Neuhof-Menzingen.ch\/wp-content\/uploads\/2024\/01\/20210419_165219-1536x1152.jpg 1536w, https:\/\/Neuhof-Menzingen.ch\/wp-content\/uploads\/2024\/01\/20210419_165219-2048x1536.jpg 2048w\" sizes=\"auto, (max-width: 706px) 89vw, (max-width: 767px) 82vw, 740px\" \/><\/figure>\n\n\n\n<figure class=\"wp-block-image size-large\"><img loading=\"lazy\" decoding=\"async\" width=\"768\" height=\"1024\" src=\"https:\/\/Neuhof-Menzingen.ch\/wp-content\/uploads\/2024\/01\/20221003_152657-Kopie-768x1024.jpg\" alt=\"\" class=\"wp-image-68\" srcset=\"https:\/\/Neuhof-Menzingen.ch\/wp-content\/uploads\/2024\/01\/20221003_152657-Kopie-768x1024.jpg 768w, https:\/\/Neuhof-Menzingen.ch\/wp-content\/uploads\/2024\/01\/20221003_152657-Kopie-225x300.jpg 225w, https:\/\/Neuhof-Menzingen.ch\/wp-content\/uploads\/2024\/01\/20221003_152657-Kopie-1152x1536.jpg 1152w, https:\/\/Neuhof-Menzingen.ch\/wp-content\/uploads\/2024\/01\/20221003_152657-Kopie-1536x2048.jpg 1536w, https:\/\/Neuhof-Menzingen.ch\/wp-content\/uploads\/2024\/01\/20221003_152657-Kopie-scaled.jpg 1920w\" sizes=\"auto, (max-width: 706px) 89vw, (max-width: 767px) 82vw, 740px\" \/><\/figure>\n\n\n\n<figure class=\"wp-block-image size-large\"><img loading=\"lazy\" decoding=\"async\" width=\"1024\" height=\"768\" src=\"https:\/\/Neuhof-Menzingen.ch\/wp-content\/uploads\/2024\/01\/20210909_173511-1024x768.jpg\" alt=\"\" class=\"wp-image-41\" srcset=\"https:\/\/Neuhof-Menzingen.ch\/wp-content\/uploads\/2024\/01\/20210909_173511-1024x768.jpg 1024w, https:\/\/Neuhof-Menzingen.ch\/wp-content\/uploads\/2024\/01\/20210909_173511-300x225.jpg 300w, https:\/\/Neuhof-Menzingen.ch\/wp-content\/uploads\/2024\/01\/20210909_173511-768x576.jpg 768w, https:\/\/Neuhof-Menzingen.ch\/wp-content\/uploads\/2024\/01\/20210909_173511-1536x1152.jpg 1536w, https:\/\/Neuhof-Menzingen.ch\/wp-content\/uploads\/2024\/01\/20210909_173511-2048x1536.jpg 2048w\" sizes=\"auto, (max-width: 706px) 89vw, (max-width: 767px) 82vw, 740px\" \/><\/figure>\n\n\n\n<figure class=\"wp-block-image size-large\"><img loading=\"lazy\" decoding=\"async\" width=\"1024\" height=\"768\" src=\"https:\/\/Neuhof-Menzingen.ch\/wp-content\/uploads\/2024\/01\/20210906_175111-1024x768.jpg\" alt=\"\" class=\"wp-image-38\" srcset=\"https:\/\/Neuhof-Menzingen.ch\/wp-content\/uploads\/2024\/01\/20210906_175111-1024x768.jpg 1024w, https:\/\/Neuhof-Menzingen.ch\/wp-content\/uploads\/2024\/01\/20210906_175111-300x225.jpg 300w, https:\/\/Neuhof-Menzingen.ch\/wp-content\/uploads\/2024\/01\/20210906_175111-768x576.jpg 768w, https:\/\/Neuhof-Menzingen.ch\/wp-content\/uploads\/2024\/01\/20210906_175111-1536x1152.jpg 1536w, https:\/\/Neuhof-Menzingen.ch\/wp-content\/uploads\/2024\/01\/20210906_175111-2048x1536.jpg 2048w\" sizes=\"auto, (max-width: 706px) 89vw, (max-width: 767px) 82vw, 740px\" \/><\/figure>\n\n\n\n<figure class=\"wp-block-image size-large\"><img loading=\"lazy\" decoding=\"async\" width=\"576\" height=\"1024\" src=\"https:\/\/Neuhof-Menzingen.ch\/wp-content\/uploads\/2024\/01\/20220724_175642-Kopie-576x1024.jpg\" alt=\"\" class=\"wp-image-57\" srcset=\"https:\/\/Neuhof-Menzingen.ch\/wp-content\/uploads\/2024\/01\/20220724_175642-Kopie-576x1024.jpg 576w, https:\/\/Neuhof-Menzingen.ch\/wp-content\/uploads\/2024\/01\/20220724_175642-Kopie-169x300.jpg 169w, https:\/\/Neuhof-Menzingen.ch\/wp-content\/uploads\/2024\/01\/20220724_175642-Kopie-768x1365.jpg 768w, https:\/\/Neuhof-Menzingen.ch\/wp-content\/uploads\/2024\/01\/20220724_175642-Kopie-864x1536.jpg 864w, https:\/\/Neuhof-Menzingen.ch\/wp-content\/uploads\/2024\/01\/20220724_175642-Kopie-1152x2048.jpg 1152w, https:\/\/Neuhof-Menzingen.ch\/wp-content\/uploads\/2024\/01\/20220724_175642-Kopie-scaled.jpg 1440w\" sizes=\"auto, (max-width: 576px) 100vw, 576px\" \/><\/figure>\n\n\n\n<figure class=\"wp-block-image size-large\"><img loading=\"lazy\" decoding=\"async\" width=\"1024\" height=\"768\" src=\"https:\/\/Neuhof-Menzingen.ch\/wp-content\/uploads\/2024\/01\/20220406_065349-1024x768.jpg\" alt=\"\" class=\"wp-image-47\" srcset=\"https:\/\/Neuhof-Menzingen.ch\/wp-content\/uploads\/2024\/01\/20220406_065349-1024x768.jpg 1024w, https:\/\/Neuhof-Menzingen.ch\/wp-content\/uploads\/2024\/01\/20220406_065349-300x225.jpg 300w, https:\/\/Neuhof-Menzingen.ch\/wp-content\/uploads\/2024\/01\/20220406_065349-768x576.jpg 768w, https:\/\/Neuhof-Menzingen.ch\/wp-content\/uploads\/2024\/01\/20220406_065349-1536x1152.jpg 1536w, https:\/\/Neuhof-Menzingen.ch\/wp-content\/uploads\/2024\/01\/20220406_065349-2048x1536.jpg 2048w\" sizes=\"auto, (max-width: 706px) 89vw, (max-width: 767px) 82vw, 740px\" \/><\/figure>\n\n\n\n<figure class=\"wp-block-image size-large\"><img loading=\"lazy\" decoding=\"async\" width=\"1024\" height=\"576\" src=\"https:\/\/Neuhof-Menzingen.ch\/wp-content\/uploads\/2024\/01\/20210812_204844-1024x576.jpg\" alt=\"\" class=\"wp-image-36\" srcset=\"https:\/\/Neuhof-Menzingen.ch\/wp-content\/uploads\/2024\/01\/20210812_204844-1024x576.jpg 1024w, https:\/\/Neuhof-Menzingen.ch\/wp-content\/uploads\/2024\/01\/20210812_204844-300x169.jpg 300w, https:\/\/Neuhof-Menzingen.ch\/wp-content\/uploads\/2024\/01\/20210812_204844-768x432.jpg 768w, https:\/\/Neuhof-Menzingen.ch\/wp-content\/uploads\/2024\/01\/20210812_204844-1536x864.jpg 1536w, https:\/\/Neuhof-Menzingen.ch\/wp-content\/uploads\/2024\/01\/20210812_204844-2048x1152.jpg 2048w\" sizes=\"auto, (max-width: 706px) 89vw, (max-width: 767px) 82vw, 740px\" \/><\/figure>\n","protected":false},"excerpt":{"rendered":"<p>Wir produzieren seit ein paar Jahren nach den Demeter-Richtlinien. Zuvor wurde der Neuhof viele Jahren (seit 1996) nach den Bio-Suisse Richtlinien bewirtschaftet. Wir betreiben graslandbasierte Milchwirtschaft und K\u00e4lbermast. Die Milchk\u00fche sind meist ab M\u00e4rz bis Oktober auf der Weide unterwegs. Die K\u00e4lber werden bei uns auf dem Betrieb gem\u00e4stet. Sie k\u00f6nnen t\u00e4glich bei ihren M\u00fcttern &hellip; <\/p>\n<p class=\"link-more\"><a href=\"https:\/\/Neuhof-Menzingen.ch\/?page_id=87\" class=\"more-link\"><span class=\"screen-reader-text\">\u201eDer Betrieb\u201c<\/span> weiterlesen<\/a><\/p>\n","protected":false},"author":1,"featured_media":0,"parent":0,"menu_order":0,"comment_status":"closed","ping_status":"closed","template":"","meta":{"footnotes":""},"class_list":["post-87","page","type-page","status-publish","hentry"],"_links":{"self":[{"href":"https:\/\/Neuhof-Menzingen.ch\/index.php?rest_route=\/wp\/v2\/pages\/87","targetHints":{"allow":["GET"]}}],"collection":[{"href":"https:\/\/Neuhof-Menzingen.ch\/index.php?rest_route=\/wp\/v2\/pages"}],"about":[{"href":"https:\/\/Neuhof-Menzingen.ch\/index.php?rest_route=\/wp\/v2\/types\/page"}],"author":[{"embeddable":true,"href":"https:\/\/Neuhof-Menzingen.ch\/index.php?rest_route=\/wp\/v2\/users\/1"}],"replies":[{"embeddable":true,"href":"https:\/\/Neuhof-Menzingen.ch\/index.php?rest_route=%2Fwp%2Fv2%2Fcomments&post=87"}],"version-history":[{"count":11,"href":"https:\/\/Neuhof-Menzingen.ch\/index.php?rest_route=\/wp\/v2\/pages\/87\/revisions"}],"predecessor-version":[{"id":477,"href":"https:\/\/Neuhof-Menzingen.ch\/index.php?rest_route=\/wp\/v2\/pages\/87\/revisions\/477"}],"wp:attachment":[{"href":"https:\/\/Neuhof-Menzingen.ch\/index.php?rest_route=%2Fwp%2Fv2%2Fmedia&parent=87"}],"curies":[{"name":"wp","href":"https:\/\/api.w.org\/{rel}","templated":true}]}}