{"id":89,"date":"2024-01-16T14:22:15","date_gmt":"2024-01-16T14:22:15","guid":{"rendered":"https:\/\/Neuhof-Menzingen.ch\/?page_id=89"},"modified":"2026-03-03T13:14:19","modified_gmt":"2026-03-03T13:14:19","slug":"ueber-uns","status":"publish","type":"page","link":"https:\/\/Neuhof-Menzingen.ch\/?page_id=89","title":{"rendered":"\u00dcber uns"},"content":{"rendered":"\n<p>Thomas ist der Betriebsleiter. Er hat sich sozusagen auf dem Betrieb \u201eeingeheiratet\u201c. So ist ein Ausw\u00e4rtiger der Nachfolger vom Oberst R\u00f6llin geworden. Dass er richtigerweise Pfister heisst, wissen wohl eher die wenigsten. Falls sie nach dem Weg fragen m\u00fcssten, fragen sie am besten nach dem Oberst R\u00f6llin. <\/p>\n\n\n\n<p>Als gelernter Landwirt und Zimmermann k\u00fcmmert er sich um die Tiere und den Hof. Zudem \u00fcbernimmt er einen Teil der Kinderbetreuung und empf\u00e4ngt unsere G\u00e4ste. Aufgrund seines Auslandjahres in Kanada spricht er gerne Englisch mit unseren G\u00e4sten.<\/p>\n\n\n\n<figure class=\"wp-block-image size-full is-resized\"><img loading=\"lazy\" decoding=\"async\" width=\"600\" height=\"338\" src=\"https:\/\/Neuhof-Menzingen.ch\/wp-content\/uploads\/2024\/03\/Foto-Bettbau-edited-1.jpg\" alt=\"\" class=\"wp-image-252\" style=\"width:676px;height:auto\" srcset=\"https:\/\/Neuhof-Menzingen.ch\/wp-content\/uploads\/2024\/03\/Foto-Bettbau-edited-1.jpg 600w, https:\/\/Neuhof-Menzingen.ch\/wp-content\/uploads\/2024\/03\/Foto-Bettbau-edited-1-300x169.jpg 300w, https:\/\/Neuhof-Menzingen.ch\/wp-content\/uploads\/2024\/03\/Foto-Bettbau-edited-1-150x85.jpg 150w\" sizes=\"auto, (max-width: 600px) 100vw, 600px\" \/><\/figure>\n\n\n\n<p>Pia arbeitet in einem gr\u00f6sseren Pensum ausserhalb des Betriebes. Was f\u00fcr gewisse Menschen eher ein Alptraum sein mag, ist ihre Leidenschaft: den Umgang mit diversen Fragestellungen im Zusammenhang mit Zahlen und Gesetzen.<\/p>\n\n\n\n<p>Zu Hause betreut sie die Kinder, erledigt die Buchhaltung, h\u00e4lt das B&amp;B sauber, krant ab und zu mit dem Heukran, g\u00e4rtnert oder hilft bei der Obsternte. Sie liebt das Haltbar machen der Hofprodukte und die Idee mit dem B&amp;B ist auf ihrem Mist gewachsen.<\/p>\n\n\n\n<figure class=\"wp-block-image size-full is-resized\"><img loading=\"lazy\" decoding=\"async\" width=\"2560\" height=\"1920\" src=\"https:\/\/Neuhof-Menzingen.ch\/wp-content\/uploads\/2024\/01\/RIMG0161-scaled.jpg\" alt=\"\" class=\"wp-image-90\" style=\"width:675px;height:auto\" srcset=\"https:\/\/Neuhof-Menzingen.ch\/wp-content\/uploads\/2024\/01\/RIMG0161-scaled.jpg 2560w, https:\/\/Neuhof-Menzingen.ch\/wp-content\/uploads\/2024\/01\/RIMG0161-300x225.jpg 300w, https:\/\/Neuhof-Menzingen.ch\/wp-content\/uploads\/2024\/01\/RIMG0161-1024x768.jpg 1024w, https:\/\/Neuhof-Menzingen.ch\/wp-content\/uploads\/2024\/01\/RIMG0161-768x576.jpg 768w, https:\/\/Neuhof-Menzingen.ch\/wp-content\/uploads\/2024\/01\/RIMG0161-1536x1152.jpg 1536w, https:\/\/Neuhof-Menzingen.ch\/wp-content\/uploads\/2024\/01\/RIMG0161-2048x1536.jpg 2048w\" sizes=\"auto, (max-width: 706px) 89vw, (max-width: 767px) 82vw, 740px\" \/><\/figure>\n\n\n\n<figure class=\"wp-block-image size-large\"><img loading=\"lazy\" decoding=\"async\" width=\"1024\" height=\"768\" src=\"https:\/\/Neuhof-Menzingen.ch\/wp-content\/uploads\/2024\/01\/20220813_182226-Kopie-1024x768.jpg\" alt=\"\" class=\"wp-image-62\" srcset=\"https:\/\/Neuhof-Menzingen.ch\/wp-content\/uploads\/2024\/01\/20220813_182226-Kopie-1024x768.jpg 1024w, https:\/\/Neuhof-Menzingen.ch\/wp-content\/uploads\/2024\/01\/20220813_182226-Kopie-300x225.jpg 300w, https:\/\/Neuhof-Menzingen.ch\/wp-content\/uploads\/2024\/01\/20220813_182226-Kopie-768x576.jpg 768w, https:\/\/Neuhof-Menzingen.ch\/wp-content\/uploads\/2024\/01\/20220813_182226-Kopie-1536x1152.jpg 1536w, https:\/\/Neuhof-Menzingen.ch\/wp-content\/uploads\/2024\/01\/20220813_182226-Kopie-2048x1536.jpg 2048w\" sizes=\"auto, (max-width: 706px) 89vw, (max-width: 767px) 82vw, 740px\" \/><\/figure>\n\n\n\n<p>Unsere beiden Kinder sind, so oft es geht, aktiv dabei. Sei es beim Heukranen, beim Baggern oder bei den Tieren. Am liebsten m\u00f6gen Sie das G\u00e4nsebr\u00fcten. Es ist doch immer wieder ein Wunder, wenn nach dreissig Tagen F\u00fcrsorge die kleinen Pl\u00fcschb\u00e4llchen aus den Eiern schl\u00fcpfen.  <\/p>\n\n\n\n<figure class=\"wp-block-image size-large\"><img loading=\"lazy\" decoding=\"async\" width=\"1024\" height=\"576\" src=\"https:\/\/Neuhof-Menzingen.ch\/wp-content\/uploads\/2024\/01\/20210824_160715-1024x576.jpg\" alt=\"\" class=\"wp-image-37\" srcset=\"https:\/\/Neuhof-Menzingen.ch\/wp-content\/uploads\/2024\/01\/20210824_160715-1024x576.jpg 1024w, https:\/\/Neuhof-Menzingen.ch\/wp-content\/uploads\/2024\/01\/20210824_160715-300x169.jpg 300w, https:\/\/Neuhof-Menzingen.ch\/wp-content\/uploads\/2024\/01\/20210824_160715-768x432.jpg 768w, https:\/\/Neuhof-Menzingen.ch\/wp-content\/uploads\/2024\/01\/20210824_160715-1536x864.jpg 1536w, https:\/\/Neuhof-Menzingen.ch\/wp-content\/uploads\/2024\/01\/20210824_160715-2048x1152.jpg 2048w\" sizes=\"auto, (max-width: 706px) 89vw, (max-width: 767px) 82vw, 740px\" \/><\/figure>\n\n\n","protected":false},"excerpt":{"rendered":"<p>Thomas ist der Betriebsleiter. Er hat sich sozusagen auf dem Betrieb \u201eeingeheiratet\u201c. So ist ein Ausw\u00e4rtiger der Nachfolger vom Oberst R\u00f6llin geworden. Dass er richtigerweise Pfister heisst, wissen wohl eher die wenigsten. Falls sie nach dem Weg fragen m\u00fcssten, fragen sie am besten nach dem Oberst R\u00f6llin. Als gelernter Landwirt und Zimmermann k\u00fcmmert er sich &hellip; <\/p>\n<p class=\"link-more\"><a href=\"https:\/\/Neuhof-Menzingen.ch\/?page_id=89\" class=\"more-link\"><span class=\"screen-reader-text\">\u201e\u00dcber uns\u201c<\/span> weiterlesen<\/a><\/p>\n","protected":false},"author":1,"featured_media":0,"parent":0,"menu_order":0,"comment_status":"closed","ping_status":"closed","template":"","meta":{"footnotes":""},"class_list":["post-89","page","type-page","status-publish","hentry"],"_links":{"self":[{"href":"https:\/\/Neuhof-Menzingen.ch\/index.php?rest_route=\/wp\/v2\/pages\/89","targetHints":{"allow":["GET"]}}],"collection":[{"href":"https:\/\/Neuhof-Menzingen.ch\/index.php?rest_route=\/wp\/v2\/pages"}],"about":[{"href":"https:\/\/Neuhof-Menzingen.ch\/index.php?rest_route=\/wp\/v2\/types\/page"}],"author":[{"embeddable":true,"href":"https:\/\/Neuhof-Menzingen.ch\/index.php?rest_route=\/wp\/v2\/users\/1"}],"replies":[{"embeddable":true,"href":"https:\/\/Neuhof-Menzingen.ch\/index.php?rest_route=%2Fwp%2Fv2%2Fcomments&post=89"}],"version-history":[{"count":18,"href":"https:\/\/Neuhof-Menzingen.ch\/index.php?rest_route=\/wp\/v2\/pages\/89\/revisions"}],"predecessor-version":[{"id":501,"href":"https:\/\/Neuhof-Menzingen.ch\/index.php?rest_route=\/wp\/v2\/pages\/89\/revisions\/501"}],"wp:attachment":[{"href":"https:\/\/Neuhof-Menzingen.ch\/index.php?rest_route=%2Fwp%2Fv2%2Fmedia&parent=89"}],"curies":[{"name":"wp","href":"https:\/\/api.w.org\/{rel}","templated":true}]}}