{"id":92,"date":"2024-01-16T14:21:46","date_gmt":"2024-01-16T14:21:46","guid":{"rendered":"https:\/\/Neuhof-Menzingen.ch\/?page_id=92"},"modified":"2026-05-05T07:23:52","modified_gmt":"2026-05-05T07:23:52","slug":"bett-und-fruehstueck-bb","status":"publish","type":"page","link":"https:\/\/Neuhof-Menzingen.ch\/?page_id=92","title":{"rendered":"Bett + Zmorge (B&#038;B)"},"content":{"rendered":"\n<p>Auf unserem Betrieb sind 2024 zwei G\u00e4stezimmer mit gemeinsamer Dusche\/WC und Aufenthaltsraum entstanden. <\/p>\n\n\n\n<p>Bitte teilen Sie uns bei der Reservation mit, ob Sie ein Fr\u00fchst\u00fcck mit hofeigenen und regionalen Produkten w\u00fcnschen.<\/p>\n\n\n\n<p>Im Preis inbegriffen sind Kaffee, Tee, (Kaffeemaschine und Teekocher im B&amp;B vorhanden) sowie der Parkplatz.<\/p>\n\n\n\n<p>Rauchen ist in den G\u00e4stezimmern nicht erlaubt. Besten Dank f\u00fcr Ihr Verst\u00e4ndnis.<\/p>\n\n\n\n<p><strong>Preise<\/strong><\/p>\n\n\n\n<p>zwei Erwachsene im Doppelzimmer Fr. 150<\/p>\n\n\n\n<p>Einzelbelegung Fr. 110<\/p>\n\n\n\n<p>Kinder 3 &#8211; 10 Jahre Fr. 50<\/p>\n\n\n\n<p>Kinder 11 &#8211; 16 Jahre Fr. 70<\/p>\n\n\n\n<p>Fr\u00fchst\u00fcck Fr.  10 pro Person<\/p>\n\n\n\n<p>Kurtaxe ab 01.02.2026 Fr. 3.50 <\/p>\n\n\n\n<p><strong>Ab zwei gebuchten \u00dcbernachtungen reduziert sich der \u00dcbernachtungspreis um Fr. 20 pro Person (Doppelzimmer zwei Personen Fr. 40).<\/strong><\/p>\n\n\n\n<p><\/p>\n\n\n\n<p>F\u00fcr wochenweise Buchungen und l\u00e4ngere Aufenthalte nehmen Sie bitte mit uns Kontakt auf.<\/p>\n\n\n\n<p><strong>weitere Dienstleistungen<\/strong><\/p>\n\n\n\n<p>Zelten Fr. 15 pro Person \/ Nacht (Dusche Toilette vorhanden)<\/p>\n\n\n\n<p>Pferd, Heu, Stroh, Weide, Nachtstall Fr. 20 pro Tier\/Nacht<\/p>\n\n\n\n<p>Verpflegung\/Mahlzeit Fr.  20 pro Person<\/p>\n\n\n\n<p><\/p>\n\n\n\n<p><strong>Bezahlung<\/strong><\/p>\n\n\n\n<p>Gerne nehmen wir den Betrag in Bar, via Twint oder E-Banking entgegen.<\/p>\n\n\n\n<figure class=\"wp-block-image size-full\"><img loading=\"lazy\" decoding=\"async\" width=\"800\" height=\"600\" src=\"https:\/\/Neuhof-Menzingen.ch\/wp-content\/uploads\/2024\/03\/Foto-Zimmer-2.jpg\" alt=\"\" class=\"wp-image-246\" srcset=\"https:\/\/Neuhof-Menzingen.ch\/wp-content\/uploads\/2024\/03\/Foto-Zimmer-2.jpg 800w, https:\/\/Neuhof-Menzingen.ch\/wp-content\/uploads\/2024\/03\/Foto-Zimmer-2-300x225.jpg 300w, https:\/\/Neuhof-Menzingen.ch\/wp-content\/uploads\/2024\/03\/Foto-Zimmer-2-150x113.jpg 150w, https:\/\/Neuhof-Menzingen.ch\/wp-content\/uploads\/2024\/03\/Foto-Zimmer-2-768x576.jpg 768w\" sizes=\"auto, (max-width: 706px) 89vw, (max-width: 767px) 82vw, 740px\" \/><\/figure>\n\n\n\n<figure class=\"wp-block-image size-large\"><img loading=\"lazy\" decoding=\"async\" width=\"2448\" height=\"2448\" src=\"https:\/\/Neuhof-Menzingen.ch\/wp-content\/uploads\/2024\/03\/Zimmer1-Kopie-edited.jpg\" alt=\"\" class=\"wp-image-247\" srcset=\"https:\/\/Neuhof-Menzingen.ch\/wp-content\/uploads\/2024\/03\/Zimmer1-Kopie-edited.jpg 2448w, https:\/\/Neuhof-Menzingen.ch\/wp-content\/uploads\/2024\/03\/Zimmer1-Kopie-edited-300x300.jpg 300w, https:\/\/Neuhof-Menzingen.ch\/wp-content\/uploads\/2024\/03\/Zimmer1-Kopie-edited-1024x1024.jpg 1024w, https:\/\/Neuhof-Menzingen.ch\/wp-content\/uploads\/2024\/03\/Zimmer1-Kopie-edited-150x150.jpg 150w, https:\/\/Neuhof-Menzingen.ch\/wp-content\/uploads\/2024\/03\/Zimmer1-Kopie-edited-768x768.jpg 768w, https:\/\/Neuhof-Menzingen.ch\/wp-content\/uploads\/2024\/03\/Zimmer1-Kopie-edited-1536x1536.jpg 1536w, https:\/\/Neuhof-Menzingen.ch\/wp-content\/uploads\/2024\/03\/Zimmer1-Kopie-edited-2048x2048.jpg 2048w, https:\/\/Neuhof-Menzingen.ch\/wp-content\/uploads\/2024\/03\/Zimmer1-Kopie-edited-100x100.jpg 100w\" sizes=\"auto, (max-width: 706px) 89vw, (max-width: 767px) 82vw, 740px\" \/><\/figure>\n\n\n\n<figure class=\"wp-block-image size-large\"><img loading=\"lazy\" decoding=\"async\" width=\"768\" height=\"1024\" src=\"https:\/\/Neuhof-Menzingen.ch\/wp-content\/uploads\/2024\/01\/Bad-Kopie-768x1024.jpg\" alt=\"\" class=\"wp-image-75\" srcset=\"https:\/\/Neuhof-Menzingen.ch\/wp-content\/uploads\/2024\/01\/Bad-Kopie-768x1024.jpg 768w, https:\/\/Neuhof-Menzingen.ch\/wp-content\/uploads\/2024\/01\/Bad-Kopie-225x300.jpg 225w, https:\/\/Neuhof-Menzingen.ch\/wp-content\/uploads\/2024\/01\/Bad-Kopie-1152x1536.jpg 1152w, https:\/\/Neuhof-Menzingen.ch\/wp-content\/uploads\/2024\/01\/Bad-Kopie-1536x2048.jpg 1536w, https:\/\/Neuhof-Menzingen.ch\/wp-content\/uploads\/2024\/01\/Bad-Kopie-scaled.jpg 1920w\" sizes=\"auto, (max-width: 706px) 89vw, (max-width: 767px) 82vw, 740px\" \/><\/figure>\n\n\n\n<figure class=\"wp-block-image size-large\"><img loading=\"lazy\" decoding=\"async\" width=\"1024\" height=\"768\" src=\"https:\/\/Neuhof-Menzingen.ch\/wp-content\/uploads\/2026\/03\/BundB-Aufenthaltsraum-1024x768.jpg\" alt=\"\" class=\"wp-image-504\" srcset=\"https:\/\/Neuhof-Menzingen.ch\/wp-content\/uploads\/2026\/03\/BundB-Aufenthaltsraum-1024x768.jpg 1024w, https:\/\/Neuhof-Menzingen.ch\/wp-content\/uploads\/2026\/03\/BundB-Aufenthaltsraum-300x225.jpg 300w, https:\/\/Neuhof-Menzingen.ch\/wp-content\/uploads\/2026\/03\/BundB-Aufenthaltsraum-150x113.jpg 150w, https:\/\/Neuhof-Menzingen.ch\/wp-content\/uploads\/2026\/03\/BundB-Aufenthaltsraum-768x576.jpg 768w, https:\/\/Neuhof-Menzingen.ch\/wp-content\/uploads\/2026\/03\/BundB-Aufenthaltsraum-1536x1152.jpg 1536w, https:\/\/Neuhof-Menzingen.ch\/wp-content\/uploads\/2026\/03\/BundB-Aufenthaltsraum-2048x1536.jpg 2048w\" sizes=\"auto, (max-width: 706px) 89vw, (max-width: 767px) 82vw, 740px\" \/><\/figure>\n\n\n\n<p><\/p>\n\n\n\n<p><\/p>\n","protected":false},"excerpt":{"rendered":"<p>Auf unserem Betrieb sind 2024 zwei G\u00e4stezimmer mit gemeinsamer Dusche\/WC und Aufenthaltsraum entstanden. Bitte teilen Sie uns bei der Reservation mit, ob Sie ein Fr\u00fchst\u00fcck mit hofeigenen und regionalen Produkten w\u00fcnschen. Im Preis inbegriffen sind Kaffee, Tee, (Kaffeemaschine und Teekocher im B&amp;B vorhanden) sowie der Parkplatz. Rauchen ist in den G\u00e4stezimmern nicht erlaubt. Besten Dank &hellip; <\/p>\n<p class=\"link-more\"><a href=\"https:\/\/Neuhof-Menzingen.ch\/?page_id=92\" class=\"more-link\"><span class=\"screen-reader-text\">\u201eBett + Zmorge (B&#038;B)\u201c<\/span> weiterlesen<\/a><\/p>\n","protected":false},"author":1,"featured_media":0,"parent":0,"menu_order":0,"comment_status":"closed","ping_status":"closed","template":"","meta":{"footnotes":""},"class_list":["post-92","page","type-page","status-publish","hentry"],"_links":{"self":[{"href":"https:\/\/Neuhof-Menzingen.ch\/index.php?rest_route=\/wp\/v2\/pages\/92","targetHints":{"allow":["GET"]}}],"collection":[{"href":"https:\/\/Neuhof-Menzingen.ch\/index.php?rest_route=\/wp\/v2\/pages"}],"about":[{"href":"https:\/\/Neuhof-Menzingen.ch\/index.php?rest_route=\/wp\/v2\/types\/page"}],"author":[{"embeddable":true,"href":"https:\/\/Neuhof-Menzingen.ch\/index.php?rest_route=\/wp\/v2\/users\/1"}],"replies":[{"embeddable":true,"href":"https:\/\/Neuhof-Menzingen.ch\/index.php?rest_route=%2Fwp%2Fv2%2Fcomments&post=92"}],"version-history":[{"count":38,"href":"https:\/\/Neuhof-Menzingen.ch\/index.php?rest_route=\/wp\/v2\/pages\/92\/revisions"}],"predecessor-version":[{"id":506,"href":"https:\/\/Neuhof-Menzingen.ch\/index.php?rest_route=\/wp\/v2\/pages\/92\/revisions\/506"}],"wp:attachment":[{"href":"https:\/\/Neuhof-Menzingen.ch\/index.php?rest_route=%2Fwp%2Fv2%2Fmedia&parent=92"}],"curies":[{"name":"wp","href":"https:\/\/api.w.org\/{rel}","templated":true}]}}